{"id":17,"date":"2026-05-05T16:21:16","date_gmt":"2026-05-05T16:21:16","guid":{"rendered":"https:\/\/dejavumusik.de\/?page_id=17"},"modified":"2026-05-05T16:26:26","modified_gmt":"2026-05-05T16:26:26","slug":"wartung","status":"publish","type":"page","link":"https:\/\/dejavumusik.de\/","title":{"rendered":"Wartung"},"content":{"rendered":"\t\t<div data-elementor-type=\"wp-page\" data-elementor-id=\"17\" class=\"elementor elementor-17\">\n\t\t\t\t<div class=\"elementor-element elementor-element-bb5a9de e-flex e-con-boxed e-con e-parent\" data-id=\"bb5a9de\" data-element_type=\"container\" data-e-type=\"container\" data-settings=\"{&quot;background_background&quot;:&quot;classic&quot;}\">\n\t\t\t\t\t<div class=\"e-con-inner\">\n\t\t<div class=\"elementor-element elementor-element-2b785ea e-con-full e-flex e-con e-child\" data-id=\"2b785ea\" data-element_type=\"container\" data-e-type=\"container\">\n\t\t\t\t<div class=\"elementor-element elementor-element-829f831 elementor-widget elementor-widget-image\" data-id=\"829f831\" data-element_type=\"widget\" data-e-type=\"widget\" data-widget_type=\"image.default\">\n\t\t\t\t\t\t\t\t\t\t\t\t\t\t\t<img fetchpriority=\"high\" decoding=\"async\" width=\"343\" height=\"283\" src=\"https:\/\/dejavumusik.de\/wp-content\/uploads\/2026\/05\/Achtung-Baustelle.png\" class=\"attachment-large size-large wp-image-10\" alt=\"\" srcset=\"https:\/\/dejavumusik.de\/wp-content\/uploads\/2026\/05\/Achtung-Baustelle.png 343w, https:\/\/dejavumusik.de\/wp-content\/uploads\/2026\/05\/Achtung-Baustelle-300x248.png 300w\" sizes=\"(max-width: 343px) 100vw, 343px\" \/>\t\t\t\t\t\t\t\t\t\t\t\t\t\t\t<\/div>\n\t\t\t\t<\/div>\n\t\t<div class=\"elementor-element elementor-element-141941f e-con-full e-flex e-con e-child\" data-id=\"141941f\" data-element_type=\"container\" data-e-type=\"container\">\n\t\t\t\t<div class=\"elementor-element elementor-element-6aa3812 elementor-widget elementor-widget-heading\" data-id=\"6aa3812\" data-element_type=\"widget\" data-e-type=\"widget\" data-widget_type=\"heading.default\">\n\t\t\t\t\t<h1 class=\"elementor-heading-title elementor-size-default\">Wir bauen f\u00fcr Euch um!!!<\/h1>\t\t\t\t<\/div>\n\t\t\t\t<\/div>\n\t\t\t\t\t<\/div>\n\t\t\t\t<\/div>\n\t\t<div class=\"elementor-element elementor-element-3983bb1 e-flex e-con-boxed e-con e-parent\" data-id=\"3983bb1\" data-element_type=\"container\" data-e-type=\"container\">\n\t\t\t\t\t<div class=\"e-con-inner\">\n\t\t\t\t<div class=\"elementor-element elementor-element-01277a1 elementor-widget elementor-widget-spacer\" data-id=\"01277a1\" data-element_type=\"widget\" data-e-type=\"widget\" data-widget_type=\"spacer.default\">\n\t\t\t\t\t\t\t<div class=\"elementor-spacer\">\n\t\t\t<div class=\"elementor-spacer-inner\"><\/div>\n\t\t<\/div>\n\t\t\t\t\t\t<\/div>\n\t\t\t\t\t<\/div>\n\t\t\t\t<\/div>\n\t\t<div class=\"elementor-element elementor-element-a3d7c34 e-flex e-con-boxed e-con e-parent\" data-id=\"a3d7c34\" data-element_type=\"container\" data-e-type=\"container\">\n\t\t\t\t\t<div class=\"e-con-inner\">\n\t\t\t\t<div class=\"elementor-element elementor-element-011ba33 elementor-widget elementor-widget-image\" data-id=\"011ba33\" data-element_type=\"widget\" data-e-type=\"widget\" data-widget_type=\"image.default\">\n\t\t\t\t\t\t\t\t\t\t\t\t\t\t\t<img decoding=\"async\" width=\"800\" height=\"534\" src=\"https:\/\/dejavumusik.de\/wp-content\/uploads\/2026\/05\/ChatGPT-Image-27.-Apr.-2026-20_40_26-1024x683.png\" class=\"attachment-large size-large wp-image-11\" alt=\"\" srcset=\"https:\/\/dejavumusik.de\/wp-content\/uploads\/2026\/05\/ChatGPT-Image-27.-Apr.-2026-20_40_26-1024x683.png 1024w, https:\/\/dejavumusik.de\/wp-content\/uploads\/2026\/05\/ChatGPT-Image-27.-Apr.-2026-20_40_26-300x200.png 300w, https:\/\/dejavumusik.de\/wp-content\/uploads\/2026\/05\/ChatGPT-Image-27.-Apr.-2026-20_40_26-768x512.png 768w, https:\/\/dejavumusik.de\/wp-content\/uploads\/2026\/05\/ChatGPT-Image-27.-Apr.-2026-20_40_26.png 1536w\" sizes=\"(max-width: 800px) 100vw, 800px\" \/>\t\t\t\t\t\t\t\t\t\t\t\t\t\t\t<\/div>\n\t\t\t\t\t<\/div>\n\t\t\t\t<\/div>\n\t\t<div class=\"elementor-element elementor-element-e638274 e-flex e-con-boxed e-con e-parent\" data-id=\"e638274\" data-element_type=\"container\" data-e-type=\"container\">\n\t\t\t\t\t<div class=\"e-con-inner\">\n\t\t\t\t<div class=\"elementor-element elementor-element-7b0a028 elementor-widget elementor-widget-spacer\" data-id=\"7b0a028\" data-element_type=\"widget\" data-e-type=\"widget\" data-widget_type=\"spacer.default\">\n\t\t\t\t\t\t\t<div class=\"elementor-spacer\">\n\t\t\t<div class=\"elementor-spacer-inner\"><\/div>\n\t\t<\/div>\n\t\t\t\t\t\t<\/div>\n\t\t\t\t\t<\/div>\n\t\t\t\t<\/div>\n\t\t<div class=\"elementor-element elementor-element-126237e e-flex e-con-boxed e-con e-parent\" data-id=\"126237e\" data-element_type=\"container\" data-e-type=\"container\">\n\t\t\t\t\t<div class=\"e-con-inner\">\n\t\t\t\t<div class=\"elementor-element elementor-element-cdb5ed4 elementor-widget elementor-widget-text-editor\" data-id=\"cdb5ed4\" data-element_type=\"widget\" data-e-type=\"widget\" data-widget_type=\"text-editor.default\">\n\t\t\t\t\t\t\t\t\t<p>Partyband Deja vu \u2013 Ihr Partygarant seit \u00fcber 20 Jahren<br \/>Die Partyband Deja vu steht seit mehr als zwei Jahrzehnten f\u00fcr beste Stimmung, volle Tanzfl\u00e4chen und unvergessliche Live-Momente. Als erfahrener Partygarant begeistert die Band ihr Publikum mit einem abwechslungsreichen Repertoire aus aktuellen Charts, Partyklassikern, Schlager, Rock, Pop und Wiesn-Hits.<br \/>Ob Stra\u00dfenfest, Oktoberfest, Faschingsveranstaltung, Firmenfeier, Vereinsfest, Mottoparty, Hochzeit, Geburtstag oder Galaveranstaltung \u2013 Deja vu sorgt mit professioneller Live-Performance und mitrei\u00dfender B\u00fchnenpr\u00e4senz f\u00fcr die passende Atmosph\u00e4re zu jedem Anlass. Die Musiker verstehen es, ihr Publikum einzubeziehen und jede Veranstaltung in ein echtes Highlight zu verwandeln.<br \/>Ein besonderer Vorteil: Die Band ist flexibel buchbar in verschiedenen Besetzungen von 3 bis 7 Musikern. So wird die Formation individuell auf die jeweilige Veranstaltung, die Location und das Budget abgestimmt \u2013 vom kompakten Trio bis zur gro\u00dfen Partybesetzung mit voller Soundpower.<br \/>Deja vu \u2013 Stimmung, die bleibt.<br \/>Seit \u00fcber 20 Jahren die richtige Wahl f\u00fcr Events, die in Erinnerung bleiben.<\/p>\t\t\t\t\t\t\t\t<\/div>\n\t\t\t\t\t<\/div>\n\t\t\t\t<\/div>\n\t\t<div class=\"elementor-element elementor-element-c386b4a e-flex e-con-boxed e-con e-parent\" data-id=\"c386b4a\" data-element_type=\"container\" data-e-type=\"container\">\n\t\t\t\t\t<div class=\"e-con-inner\">\n\t\t\t\t<div class=\"elementor-element elementor-element-8f9382e elementor-widget elementor-widget-spacer\" data-id=\"8f9382e\" data-element_type=\"widget\" data-e-type=\"widget\" data-widget_type=\"spacer.default\">\n\t\t\t\t\t\t\t<div class=\"elementor-spacer\">\n\t\t\t<div class=\"elementor-spacer-inner\"><\/div>\n\t\t<\/div>\n\t\t\t\t\t\t<\/div>\n\t\t\t\t\t<\/div>\n\t\t\t\t<\/div>\n\t\t<div class=\"elementor-element elementor-element-e2ac089 e-flex e-con-boxed e-con e-parent\" data-id=\"e2ac089\" data-element_type=\"container\" data-e-type=\"container\" data-settings=\"{&quot;background_background&quot;:&quot;classic&quot;}\">\n\t\t\t\t\t<div class=\"e-con-inner\">\n\t\t<div class=\"elementor-element elementor-element-ac17b04 e-con-full e-flex e-con e-child\" data-id=\"ac17b04\" data-element_type=\"container\" data-e-type=\"container\">\n\t\t\t\t<div class=\"elementor-element elementor-element-b1317b4 elementor-widget elementor-widget-text-editor\" data-id=\"b1317b4\" data-element_type=\"widget\" data-e-type=\"widget\" data-widget_type=\"text-editor.default\">\n\t\t\t\t\t\t\t\t\t<div><p>Sven Eberth \/ Dejavu<\/p><\/div><div><p>Mobil: 0173 \u2013 661206<br \/>E-Mail: <a href=\"mailto:info@dejavumusik.de\">info@dejavumusik.de<\/a><br \/>Web: https:\/\/www.dejavumusik.de<br \/>Schulstra\u00dfe 19b<br \/>65830 Kriftel<\/p><\/div>\t\t\t\t\t\t\t\t<\/div>\n\t\t\t\t<\/div>\n\t\t<div class=\"elementor-element elementor-element-050c256 e-con-full e-flex e-con e-child\" data-id=\"050c256\" data-element_type=\"container\" data-e-type=\"container\">\n\t\t\t\t<\/div>\n\t\t<div class=\"elementor-element elementor-element-795f0db e-con-full e-flex e-con e-child\" data-id=\"795f0db\" data-element_type=\"container\" data-e-type=\"container\">\n\t\t\t\t<\/div>\n\t\t<div class=\"elementor-element elementor-element-c46e7eb e-con-full e-flex e-con e-child\" data-id=\"c46e7eb\" data-element_type=\"container\" data-e-type=\"container\">\n\t\t\t\t<\/div>\n\t\t<div class=\"elementor-element elementor-element-f6bbcfe e-con-full e-flex e-con e-child\" data-id=\"f6bbcfe\" data-element_type=\"container\" data-e-type=\"container\">\n\t\t\t\t<\/div>\n\t\t<div class=\"elementor-element elementor-element-d2f2f25 e-con-full e-flex e-con e-child\" data-id=\"d2f2f25\" data-element_type=\"container\" data-e-type=\"container\">\n\t\t\t\t<\/div>\n\t\t\t\t\t<\/div>\n\t\t\t\t<\/div>\n\t\t\t\t<\/div>\n\t\t","protected":false},"excerpt":{"rendered":"<p>Wir bauen f\u00fcr Euch um!!! Partyband Deja vu \u2013 Ihr Partygarant seit \u00fcber 20 JahrenDie Partyband Deja vu steht seit mehr als zwei Jahrzehnten f\u00fcr beste Stimmung, volle Tanzfl\u00e4chen und unvergessliche Live-Momente. Als erfahrener Partygarant begeistert die Band ihr Publikum mit einem abwechslungsreichen Repertoire aus aktuellen Charts, Partyklassikern, Schlager, Rock, Pop und Wiesn-Hits.Ob Stra\u00dfenfest, Oktoberfest, [&hellip;]<\/p>\n","protected":false},"author":1,"featured_media":0,"parent":0,"menu_order":0,"comment_status":"closed","ping_status":"closed","template":"elementor_canvas","meta":{"footnotes":""},"class_list":["post-17","page","type-page","status-publish","hentry"],"_links":{"self":[{"href":"https:\/\/dejavumusik.de\/index.php?rest_route=\/wp\/v2\/pages\/17","targetHints":{"allow":["GET"]}}],"collection":[{"href":"https:\/\/dejavumusik.de\/index.php?rest_route=\/wp\/v2\/pages"}],"about":[{"href":"https:\/\/dejavumusik.de\/index.php?rest_route=\/wp\/v2\/types\/page"}],"author":[{"embeddable":true,"href":"https:\/\/dejavumusik.de\/index.php?rest_route=\/wp\/v2\/users\/1"}],"replies":[{"embeddable":true,"href":"https:\/\/dejavumusik.de\/index.php?rest_route=%2Fwp%2Fv2%2Fcomments&post=17"}],"version-history":[{"count":7,"href":"https:\/\/dejavumusik.de\/index.php?rest_route=\/wp\/v2\/pages\/17\/revisions"}],"predecessor-version":[{"id":25,"href":"https:\/\/dejavumusik.de\/index.php?rest_route=\/wp\/v2\/pages\/17\/revisions\/25"}],"wp:attachment":[{"href":"https:\/\/dejavumusik.de\/index.php?rest_route=%2Fwp%2Fv2%2Fmedia&parent=17"}],"curies":[{"name":"wp","href":"https:\/\/api.w.org\/{rel}","templated":true}]}}